{"id":474,"date":"2020-11-18T19:54:26","date_gmt":"2020-11-18T18:54:26","guid":{"rendered":"https:\/\/goldmanservice.com\/?post_type=product&#038;p=474"},"modified":"2023-09-03T20:20:54","modified_gmt":"2023-09-03T18:20:54","slug":"goldman-service-resistencia-para-encendido-de-estufa-de-pellets-potencia-270w-rosca-3-8-diametro-9-9-mm-set-de-limpieza-de-cepillos-deshollinadores-para-calderas","status":"publish","type":"product","link":"https:\/\/goldmanservice.com\/en\/recambios\/goldman-service-resistencia-para-encendido-de-estufa-de-pellets-potencia-270w-rosca-3-8-diametro-9-9-mm-set-de-limpieza-de-cepillos-deshollinadores-para-calderas\/","title":{"rendered":"Resistencia para Encendido de Estufa de Pellets. Potencia 270W"},"content":{"rendered":"<p>Resistencia para Encendido de Estufa de Pellets. Potencia 270W, Rosca 3\/8\u201d, Di\u00e1metro 9.9 mm<\/p>\n<p>Dimensiones del producto: \u200e14.5 x 0.99 x 0.99 cm; 230 gramos<br \/>\nPotencia: \u200e270 vatios<br \/>\nMaterial: \u200eMetal<\/p>","protected":false},"excerpt":{"rendered":"<ul>\n<li>Caracter\u00edsticas T\u00e9cnicas: la buj\u00eda resistencia quemador tiene una Potencia 270W. Rosca 3\/8\u201d. Di\u00e1metro 9.9 mm. Longitud hasta el tope 135 mm, total 145mm.<\/li>\n<li>\u201cNO se trata de un Recambio Universal \u201c, le recomendamos que compruebe bien las medidas: largo, di\u00e1metros de rosca, y potencia de su resistencia. Aseg\u00farese bien antes de realizar su compra de que es la resistencia que necesita su modelo estufa aparato calefactor.<\/li>\n<li>Conexi\u00f3n por cable especial anti cal\u00f3rico con protecci\u00f3n para alta temperatura. Longitud del cable 1 metro<br \/>\nNuestra buj\u00eda resistencia esta personalizada con el sello grabado de autenticidad y garant\u00eda: Goldman Service en la propia resistencia.<\/li>\n<\/ul>","protected":false},"featured_media":37858,"template":"","meta":[],"product_brand":[],"product_cat":[89],"product_tag":[70],"class_list":{"0":"post-474","1":"product","2":"type-product","3":"status-publish","4":"has-post-thumbnail","6":"product_cat-recambios","7":"product_tag-hogar-y-jardin","8":"description-off","10":"first","11":"instock","12":"taxable","13":"shipping-taxable","14":"purchasable","15":"product-type-simple"},"_links":{"self":[{"href":"https:\/\/goldmanservice.com\/en\/wp-json\/wp\/v2\/product\/474","targetHints":{"allow":["GET"]}}],"collection":[{"href":"https:\/\/goldmanservice.com\/en\/wp-json\/wp\/v2\/product"}],"about":[{"href":"https:\/\/goldmanservice.com\/en\/wp-json\/wp\/v2\/types\/product"}],"wp:featuredmedia":[{"embeddable":true,"href":"https:\/\/goldmanservice.com\/en\/wp-json\/wp\/v2\/media\/37858"}],"wp:attachment":[{"href":"https:\/\/goldmanservice.com\/en\/wp-json\/wp\/v2\/media?parent=474"}],"wp:term":[{"taxonomy":"product_brand","embeddable":true,"href":"https:\/\/goldmanservice.com\/en\/wp-json\/wp\/v2\/product_brand?post=474"},{"taxonomy":"product_cat","embeddable":true,"href":"https:\/\/goldmanservice.com\/en\/wp-json\/wp\/v2\/product_cat?post=474"},{"taxonomy":"product_tag","embeddable":true,"href":"https:\/\/goldmanservice.com\/en\/wp-json\/wp\/v2\/product_tag?post=474"}],"curies":[{"name":"wp","href":"https:\/\/api.w.org\/{rel}","templated":true}]}}